{"id":78,"date":"2026-05-07T11:22:43","date_gmt":"2026-05-07T11:22:43","guid":{"rendered":"https:\/\/congoricobusiness.com\/?post_type=product&#038;p=78"},"modified":"2026-05-07T11:22:43","modified_gmt":"2026-05-07T11:22:43","slug":"creation-et-hebergement-de-site-web","status":"publish","type":"product","link":"https:\/\/congoricobusiness.com\/?product=creation-et-hebergement-de-site-web","title":{"rendered":"Cr\u00e9ation et h\u00e9bergement de site web"},"content":{"rendered":"<p><img loading=\"lazy\" decoding=\"async\" class=\"alignnone size-medium wp-image-89\" src=\"https:\/\/congoricobusiness.com\/wp-content\/uploads\/2026\/05\/Nouvelle-image-287x300.png\" alt=\"cr\u00e9ation et h\u00e9bergement site web\" width=\"287\" height=\"300\" srcset=\"https:\/\/congoricobusiness.com\/wp-content\/uploads\/2026\/05\/Nouvelle-image-287x300.png 287w, https:\/\/congoricobusiness.com\/wp-content\/uploads\/2026\/05\/Nouvelle-image.png 302w\" sizes=\"auto, (max-width: 287px) 100vw, 287px\" \/>Vous avez une vision ou m\u00eame des visions, plein d\u2019id\u00e9es qui peuvent changer le monde.<\/p>\n<p>Avec un site web, votre message, vos id\u00e9es novatrices deviennent accessibles partout dans le monde.<\/p>\n<p><a href=\"http:\/\/www.congoricobusiness.com\">Congo Rico Business<\/a> est d\u00e9sormais capable de vous donner un espace pour enregistrer vos donn\u00e9es en ligne. C\u2019est cet espace que nous appelons commun\u00e9ment un h\u00e9bergement <a href=\"https:\/\/fr.wikipedia.org\/wiki\/H%C3%A9bergeur_web\">chez un h\u00e9bergeur<\/a>.<\/p>\n<p>En plus de ce service, nous vous donnons un nom de domaine.<\/p>\n<p>Un nom de domaine est une suite de caract\u00e8res d&rsquo;une taille de 64 caract\u00e8res maximum, qui permet aux internautes de trouver votre site facilement gr\u00e2ce \u00e0 une adresse Internet.<\/p>\n<p>Il doit avoir une extension, par exemple .com .net .info .biz .fr \u2026 Une adresse Internet est personnalis\u00e9e du type ( www.votre-domaine.com ), Vous pouvez aussi cr\u00e9er les adresses email \u00e0 partir de votre nom de domaine. Par exemple <a href=\"mailto:info@congoricobusiness.com\">info@congoricobusiness.com<\/a>. Ceci permet de prot\u00e9ger votre identit\u00e9 en ligne, nous vous sugg\u00e9rons de r\u00e9server et m\u00eame d\u2019enregistrer votre nom de domaine au plus vite.<\/p>\n","protected":false},"excerpt":{"rendered":"<p>Vous avez une vision ou m\u00eame des visions, plein d\u2019id\u00e9es qui peuvent changer le monde.<\/p>\n","protected":false},"featured_media":89,"comment_status":"open","ping_status":"closed","template":"","meta":[],"product_brand":[],"product_cat":[26,33],"product_tag":[35,34,36],"class_list":{"0":"post-78","1":"product","2":"type-product","3":"status-publish","4":"has-post-thumbnail","6":"product_cat-informatique","7":"product_cat-web","8":"product_tag-hebergement","9":"product_tag-site-web","10":"product_tag-web","12":"first","13":"instock","14":"virtual","15":"purchasable","16":"product-type-simple"},"yoast_head":"<!-- This site is optimized with the Yoast SEO plugin v27.5 - https:\/\/yoast.com\/product\/yoast-seo-wordpress\/ -->\n<title>Cr\u00e9ation et h\u00e9bergement de site web - Congo Rico Business<\/title>\n<meta name=\"description\" content=\"Vous avez une vision, plein d\u2019id\u00e9es qui peuvent changer le monde. \u00a0Avec un site web, votre message, vos id\u00e9es novatrices deviennent accessibles partout dans le monde.\" \/>\n<meta name=\"robots\" content=\"index, follow, max-snippet:-1, max-image-preview:large, max-video-preview:-1\" \/>\n<link rel=\"canonical\" href=\"https:\/\/congoricobusiness.com\/?product=creation-et-hebergement-de-site-web\" \/>\n<meta property=\"og:locale\" content=\"fr_FR\" \/>\n<meta property=\"og:type\" content=\"article\" \/>\n<meta property=\"og:title\" content=\"Cr\u00e9ation et h\u00e9bergement de site web - Congo Rico Business\" \/>\n<meta property=\"og:description\" content=\"Vous avez une vision, plein d\u2019id\u00e9es qui peuvent changer le monde. \u00a0Avec un site web, votre message, vos id\u00e9es novatrices deviennent accessibles partout dans le monde.\" \/>\n<meta property=\"og:url\" content=\"https:\/\/congoricobusiness.com\/?product=creation-et-hebergement-de-site-web\" \/>\n<meta property=\"og:site_name\" content=\"Congo Rico Business\" \/>\n<meta property=\"article:publisher\" content=\"https:\/\/m.facebook.com\/congoricobusiness\/\" \/>\n<meta property=\"og:image\" content=\"https:\/\/congoricobusiness.com\/wp-content\/uploads\/2026\/05\/Nouvelle-image.png\" \/>\n\t<meta property=\"og:image:width\" content=\"302\" \/>\n\t<meta property=\"og:image:height\" content=\"316\" \/>\n\t<meta property=\"og:image:type\" content=\"image\/png\" \/>\n<meta name=\"twitter:card\" content=\"summary_large_image\" \/>\n<meta name=\"twitter:label1\" content=\"Dur\u00e9e de lecture estim\u00e9e\" \/>\n\t<meta name=\"twitter:data1\" content=\"2 minutes\" \/>\n<script type=\"application\/ld+json\" class=\"yoast-schema-graph\">{\"@context\":\"https:\\\/\\\/schema.org\",\"@graph\":[{\"@type\":\"WebPage\",\"@id\":\"https:\\\/\\\/congoricobusiness.com\\\/?product=creation-et-hebergement-de-site-web\",\"url\":\"https:\\\/\\\/congoricobusiness.com\\\/?product=creation-et-hebergement-de-site-web\",\"name\":\"Cr\u00e9ation et h\u00e9bergement de site web - Congo Rico Business\",\"isPartOf\":{\"@id\":\"https:\\\/\\\/congoricobusiness.com\\\/#website\"},\"primaryImageOfPage\":{\"@id\":\"https:\\\/\\\/congoricobusiness.com\\\/?product=creation-et-hebergement-de-site-web#primaryimage\"},\"image\":{\"@id\":\"https:\\\/\\\/congoricobusiness.com\\\/?product=creation-et-hebergement-de-site-web#primaryimage\"},\"thumbnailUrl\":\"https:\\\/\\\/congoricobusiness.com\\\/wp-content\\\/uploads\\\/2026\\\/05\\\/Nouvelle-image.png\",\"datePublished\":\"2026-05-07T11:22:43+00:00\",\"description\":\"Vous avez une vision, plein d\u2019id\u00e9es qui peuvent changer le monde. \u00a0Avec un site web, votre message, vos id\u00e9es novatrices deviennent accessibles partout dans le monde.\",\"breadcrumb\":{\"@id\":\"https:\\\/\\\/congoricobusiness.com\\\/?product=creation-et-hebergement-de-site-web#breadcrumb\"},\"inLanguage\":\"fr-FR\",\"potentialAction\":[{\"@type\":\"ReadAction\",\"target\":[\"https:\\\/\\\/congoricobusiness.com\\\/?product=creation-et-hebergement-de-site-web\"]}]},{\"@type\":\"ImageObject\",\"inLanguage\":\"fr-FR\",\"@id\":\"https:\\\/\\\/congoricobusiness.com\\\/?product=creation-et-hebergement-de-site-web#primaryimage\",\"url\":\"https:\\\/\\\/congoricobusiness.com\\\/wp-content\\\/uploads\\\/2026\\\/05\\\/Nouvelle-image.png\",\"contentUrl\":\"https:\\\/\\\/congoricobusiness.com\\\/wp-content\\\/uploads\\\/2026\\\/05\\\/Nouvelle-image.png\",\"width\":302,\"height\":316,\"caption\":\"cr\u00e9ation et h\u00e9bergement site web\"},{\"@type\":\"BreadcrumbList\",\"@id\":\"https:\\\/\\\/congoricobusiness.com\\\/?product=creation-et-hebergement-de-site-web#breadcrumb\",\"itemListElement\":[{\"@type\":\"ListItem\",\"position\":1,\"name\":\"Accueil\",\"item\":\"https:\\\/\\\/congoricobusiness.com\\\/\"},{\"@type\":\"ListItem\",\"position\":2,\"name\":\"Boutique\",\"item\":\"https:\\\/\\\/congoricobusiness.com\\\/?page_id=34\"},{\"@type\":\"ListItem\",\"position\":3,\"name\":\"Cr\u00e9ation et h\u00e9bergement de site web\"}]},{\"@type\":\"WebSite\",\"@id\":\"https:\\\/\\\/congoricobusiness.com\\\/#website\",\"url\":\"https:\\\/\\\/congoricobusiness.com\\\/\",\"name\":\"Congo Rico Business\",\"description\":\"Nous sommes le futur dans la r\u00e9gion\",\"publisher\":{\"@id\":\"https:\\\/\\\/congoricobusiness.com\\\/#organization\"},\"potentialAction\":[{\"@type\":\"SearchAction\",\"target\":{\"@type\":\"EntryPoint\",\"urlTemplate\":\"https:\\\/\\\/congoricobusiness.com\\\/?s={search_term_string}\"},\"query-input\":{\"@type\":\"PropertyValueSpecification\",\"valueRequired\":true,\"valueName\":\"search_term_string\"}}],\"inLanguage\":\"fr-FR\"},{\"@type\":\"Organization\",\"@id\":\"https:\\\/\\\/congoricobusiness.com\\\/#organization\",\"name\":\"Congo Rico Business\",\"url\":\"https:\\\/\\\/congoricobusiness.com\\\/\",\"logo\":{\"@type\":\"ImageObject\",\"inLanguage\":\"fr-FR\",\"@id\":\"https:\\\/\\\/congoricobusiness.com\\\/#\\\/schema\\\/logo\\\/image\\\/\",\"url\":\"https:\\\/\\\/congoricobusiness.com\\\/wp-content\\\/uploads\\\/woocommerce-placeholder.webp\",\"contentUrl\":\"https:\\\/\\\/congoricobusiness.com\\\/wp-content\\\/uploads\\\/woocommerce-placeholder.webp\",\"width\":1200,\"height\":1200,\"caption\":\"Congo Rico Business\"},\"image\":{\"@id\":\"https:\\\/\\\/congoricobusiness.com\\\/#\\\/schema\\\/logo\\\/image\\\/\"},\"sameAs\":[\"https:\\\/\\\/m.facebook.com\\\/congoricobusiness\\\/\"]}]}<\/script>\n<!-- \/ Yoast SEO plugin. -->","yoast_head_json":{"title":"Cr\u00e9ation et h\u00e9bergement de site web - Congo Rico Business","description":"Vous avez une vision, plein d\u2019id\u00e9es qui peuvent changer le monde. \u00a0Avec un site web, votre message, vos id\u00e9es novatrices deviennent accessibles partout dans le monde.","robots":{"index":"index","follow":"follow","max-snippet":"max-snippet:-1","max-image-preview":"max-image-preview:large","max-video-preview":"max-video-preview:-1"},"canonical":"https:\/\/congoricobusiness.com\/?product=creation-et-hebergement-de-site-web","og_locale":"fr_FR","og_type":"article","og_title":"Cr\u00e9ation et h\u00e9bergement de site web - Congo Rico Business","og_description":"Vous avez une vision, plein d\u2019id\u00e9es qui peuvent changer le monde. \u00a0Avec un site web, votre message, vos id\u00e9es novatrices deviennent accessibles partout dans le monde.","og_url":"https:\/\/congoricobusiness.com\/?product=creation-et-hebergement-de-site-web","og_site_name":"Congo Rico Business","article_publisher":"https:\/\/m.facebook.com\/congoricobusiness\/","og_image":[{"width":302,"height":316,"url":"https:\/\/congoricobusiness.com\/wp-content\/uploads\/2026\/05\/Nouvelle-image.png","type":"image\/png"}],"twitter_card":"summary_large_image","twitter_misc":{"Dur\u00e9e de lecture estim\u00e9e":"2 minutes"},"schema":{"@context":"https:\/\/schema.org","@graph":[{"@type":"WebPage","@id":"https:\/\/congoricobusiness.com\/?product=creation-et-hebergement-de-site-web","url":"https:\/\/congoricobusiness.com\/?product=creation-et-hebergement-de-site-web","name":"Cr\u00e9ation et h\u00e9bergement de site web - Congo Rico Business","isPartOf":{"@id":"https:\/\/congoricobusiness.com\/#website"},"primaryImageOfPage":{"@id":"https:\/\/congoricobusiness.com\/?product=creation-et-hebergement-de-site-web#primaryimage"},"image":{"@id":"https:\/\/congoricobusiness.com\/?product=creation-et-hebergement-de-site-web#primaryimage"},"thumbnailUrl":"https:\/\/congoricobusiness.com\/wp-content\/uploads\/2026\/05\/Nouvelle-image.png","datePublished":"2026-05-07T11:22:43+00:00","description":"Vous avez une vision, plein d\u2019id\u00e9es qui peuvent changer le monde. \u00a0Avec un site web, votre message, vos id\u00e9es novatrices deviennent accessibles partout dans le monde.","breadcrumb":{"@id":"https:\/\/congoricobusiness.com\/?product=creation-et-hebergement-de-site-web#breadcrumb"},"inLanguage":"fr-FR","potentialAction":[{"@type":"ReadAction","target":["https:\/\/congoricobusiness.com\/?product=creation-et-hebergement-de-site-web"]}]},{"@type":"ImageObject","inLanguage":"fr-FR","@id":"https:\/\/congoricobusiness.com\/?product=creation-et-hebergement-de-site-web#primaryimage","url":"https:\/\/congoricobusiness.com\/wp-content\/uploads\/2026\/05\/Nouvelle-image.png","contentUrl":"https:\/\/congoricobusiness.com\/wp-content\/uploads\/2026\/05\/Nouvelle-image.png","width":302,"height":316,"caption":"cr\u00e9ation et h\u00e9bergement site web"},{"@type":"BreadcrumbList","@id":"https:\/\/congoricobusiness.com\/?product=creation-et-hebergement-de-site-web#breadcrumb","itemListElement":[{"@type":"ListItem","position":1,"name":"Accueil","item":"https:\/\/congoricobusiness.com\/"},{"@type":"ListItem","position":2,"name":"Boutique","item":"https:\/\/congoricobusiness.com\/?page_id=34"},{"@type":"ListItem","position":3,"name":"Cr\u00e9ation et h\u00e9bergement de site web"}]},{"@type":"WebSite","@id":"https:\/\/congoricobusiness.com\/#website","url":"https:\/\/congoricobusiness.com\/","name":"Congo Rico Business","description":"Nous sommes le futur dans la r\u00e9gion","publisher":{"@id":"https:\/\/congoricobusiness.com\/#organization"},"potentialAction":[{"@type":"SearchAction","target":{"@type":"EntryPoint","urlTemplate":"https:\/\/congoricobusiness.com\/?s={search_term_string}"},"query-input":{"@type":"PropertyValueSpecification","valueRequired":true,"valueName":"search_term_string"}}],"inLanguage":"fr-FR"},{"@type":"Organization","@id":"https:\/\/congoricobusiness.com\/#organization","name":"Congo Rico Business","url":"https:\/\/congoricobusiness.com\/","logo":{"@type":"ImageObject","inLanguage":"fr-FR","@id":"https:\/\/congoricobusiness.com\/#\/schema\/logo\/image\/","url":"https:\/\/congoricobusiness.com\/wp-content\/uploads\/woocommerce-placeholder.webp","contentUrl":"https:\/\/congoricobusiness.com\/wp-content\/uploads\/woocommerce-placeholder.webp","width":1200,"height":1200,"caption":"Congo Rico Business"},"image":{"@id":"https:\/\/congoricobusiness.com\/#\/schema\/logo\/image\/"},"sameAs":["https:\/\/m.facebook.com\/congoricobusiness\/"]}]}},"jetpack_sharing_enabled":true,"_links":{"self":[{"href":"https:\/\/congoricobusiness.com\/index.php?rest_route=\/wp\/v2\/product\/78","targetHints":{"allow":["GET"]}}],"collection":[{"href":"https:\/\/congoricobusiness.com\/index.php?rest_route=\/wp\/v2\/product"}],"about":[{"href":"https:\/\/congoricobusiness.com\/index.php?rest_route=\/wp\/v2\/types\/product"}],"replies":[{"embeddable":true,"href":"https:\/\/congoricobusiness.com\/index.php?rest_route=%2Fwp%2Fv2%2Fcomments&post=78"}],"wp:featuredmedia":[{"embeddable":true,"href":"https:\/\/congoricobusiness.com\/index.php?rest_route=\/wp\/v2\/media\/89"}],"wp:attachment":[{"href":"https:\/\/congoricobusiness.com\/index.php?rest_route=%2Fwp%2Fv2%2Fmedia&parent=78"}],"wp:term":[{"taxonomy":"product_brand","embeddable":true,"href":"https:\/\/congoricobusiness.com\/index.php?rest_route=%2Fwp%2Fv2%2Fproduct_brand&post=78"},{"taxonomy":"product_cat","embeddable":true,"href":"https:\/\/congoricobusiness.com\/index.php?rest_route=%2Fwp%2Fv2%2Fproduct_cat&post=78"},{"taxonomy":"product_tag","embeddable":true,"href":"https:\/\/congoricobusiness.com\/index.php?rest_route=%2Fwp%2Fv2%2Fproduct_tag&post=78"}],"curies":[{"name":"wp","href":"https:\/\/api.w.org\/{rel}","templated":true}]}}